{"id":2324,"date":"2025-01-23T14:16:57","date_gmt":"2025-01-23T14:16:57","guid":{"rendered":"https:\/\/adolforodriguezgomez.com\/home\/"},"modified":"2026-03-09T11:04:22","modified_gmt":"2026-03-09T11:04:22","slug":"home","status":"publish","type":"page","link":"https:\/\/adolforodriguezgomez.com\/de\/","title":{"rendered":"Home"},"content":{"rendered":"\n<header class=\"wp-block-uagb-container portada-img uagb-block-abc2ec26 alignfull uagb-is-root-container\"><div class=\"uagb-container-inner-blocks-wrap\">\n<div class=\"wp-block-uagb-info-box uagb-block-08c0e953 uagb-infobox__content-wrap  uagb-infobox-icon-above-title uagb-infobox-image-valign-top\"><div class=\"uagb-ifb-content\"><div class=\"uagb-ifb-title-wrap\"><h1 class=\"uagb-ifb-title\">AdOLFO RODR\u00cdGUEZ<\/h1><\/div><div class=\"uagb-ifb-button-wrapper wp-block-button\"><a href=\"#text-1\" class=\"uagb-infobox-cta-link wp-block-button__link\" target=\"_self\" rel=\"noopener noreferrer\" onclick=\"return true;\"><span class=\"uagb-inline-editing\">Suscr\u00edbete<\/span><\/a><\/div><\/div><\/div>\n<\/div><\/header>\n\n\n\n<div class=\"wp-block-uagb-container uagb-layout-grid uagb-block-b5e7e8ee alignfull uagb-is-root-container\"><div class=\"uagb-container-inner-blocks-wrap\">\n<div class=\"wp-block-uagb-info-box uagb-block-0fc90987 uagb-infobox__content-wrap  uagb-infobox-icon-above-title uagb-infobox-image-valign-top wp-block-uagb-info-box--has-margin\"><div class=\"uagb-infobox-margin-wrapper\"><div class=\"uagb-ifb-content\"><div class=\"uagb-ifb-title-wrap\"><h5 class=\"uagb-ifb-title-prefix\">biograf\u00eda <\/h5><h2 class=\"uagb-ifb-title\">Autor de thriller psicol\u00f3gico, misterio <br>y suspense<\/h2><\/div><\/div><\/div><\/div>\n\n\n\n<div class=\"wp-block-uagb-info-box uagb-block-1f18b2e0 uagb-infobox__content-wrap  uagb-infobox-icon-above-title uagb-infobox-image-valign-top\"><div class=\"uagb-ifb-content\"><div class=\"uagb-ifb-title-wrap\"><p class=\"uagb-ifb-title\">Adolfo Rodr\u00edguez comenz\u00f3 a escribir en 2015. Compagina la literatura con su labor como enfermero en el servicio de Quemados y Cirug\u00eda pl\u00e1stica del Hospital General de Alicante. Tambi\u00e9n es fisioterapeuta desde 2008.<br><br>Naci\u00f3 en Jerez de la Frontera, pero ha vivido en Alicante desde muy joven. Durante sus a\u00f1os de secundaria, descubri\u00f3 su pasi\u00f3n por escribir historias, y a\u00f1os m\u00e1s tarde cumpli\u00f3 su sue\u00f1o al debutar con su primera novela: El viaje de Hugo (2015) que alcanz\u00f3 el n\u00famero 1 en ventas en su categor\u00eda de Amazon Espa\u00f1a. Un a\u00f1o despu\u00e9s public\u00f3 Enga\u00f1ando a la muerte (2016).<br><br>En el a\u00f1o 2021, public\u00f3: La Gran Implosi\u00f3n, que se mantuvo como n\u00famero 1 en ventas durante varias semanas.<br><br>Sus novelas se caracterizan por una atm\u00f3sfera de misterio e intriga con un excelente uso del cliffhanger. Su estilo, lejos de ser pretencioso, es \u00e1gil y directo.<br><br>En 2025 estren\u00f3 la saga del inspector Somoza, que constar\u00e1 de varios libros y cuyo g\u00e9nero ser\u00e1 el thriller&nbsp;psicol\u00f3gico.<br><br>El primero de estos libros es: La Noche de San Juan, que se public\u00f3 en enero de 2025.<br><br>Disfruta leyendo libros de suspense. Sus mayores influencias son: Freidda Mcfadden, Shari Lapena, Lisa Jewell, Claire Douglas, Javier Castillo o Agatha Christie, entre otros.<\/p><\/div><\/div><\/div>\n<\/div><\/div>\n\n\n\n<div class=\"wp-block-uagb-container uagb-block-efcdf3b9 alignwide uagb-is-root-container\">\n<div class=\"wp-block-uagb-info-box uagb-block-77136102 uagb-infobox__content-wrap  uagb-infobox-icon-above-title uagb-infobox-image-valign-top wp-block-uagb-info-box--has-margin\"><div class=\"uagb-infobox-margin-wrapper\"><div class=\"uagb-ifb-content\"><div class=\"uagb-ifb-title-wrap\"><h5 class=\"uagb-ifb-title-prefix\">bibliograf\u00eda<\/h5><\/div><\/div><\/div><\/div>\n\n\n\n<div class=\"wp-block-uagb-container uagb-block-9abc5eb6\">\n<div class=\"wp-block-uagb-info-box uagb-block-c9ef7cc7 uagb-infobox__content-wrap  uagb-infobox-icon-above-title uagb-infobox-image-valign-top wp-block-uagb-info-box--has-margin\"><div class=\"uagb-infobox-margin-wrapper\"><div class=\"uagb-ifb-content\"><div class=\"uagb-ifb-image-content\"><img decoding=\"async\" src=\"https:\/\/adolforodriguezgomez.com\/wp-content\/uploads\/2026\/03\/portada_los_crimenes_del_tiber.jpg\" alt=\"\" width=\"35\" height=\"55\" loading=\"lazy\"\/><\/div><div class=\"uagb-ifb-title-wrap\"><\/div><p class=\"uagb-ifb-desc\">LOS CR\u00cdMENES DEL T\u00cdBER<\/p><div class=\"uagb-ifb-button-wrapper wp-block-button\"><a href=\"https:\/\/amzn.eu\/d\/077HiT5Z\" class=\"uagb-infobox-cta-link wp-block-button__link\" target=\"_blank\" rel=\"noopener noreferrer\" onclick=\"return true;\"><span class=\"uagb-inline-editing\">Disponible EN AMAZON<\/span><\/a><\/div><\/div><\/div><\/div>\n<\/div>\n\n\n\n<div class=\"wp-block-uagb-container uagb-block-bad5a932\">\n<div class=\"wp-block-uagb-info-box uagb-block-fc01de53 uagb-infobox__content-wrap  uagb-infobox-icon-above-title uagb-infobox-image-valign-top wp-block-uagb-info-box--has-margin\"><div class=\"uagb-infobox-margin-wrapper\"><div class=\"uagb-ifb-content\"><div class=\"uagb-ifb-image-content\"><img decoding=\"async\" src=\"https:\/\/adolforodriguezgomez.com\/wp-content\/uploads\/2025\/09\/los_ecos_de_la_tempestad_portada.jpg\" alt=\"portada de los ecos de la tempestad de Adolfo Rodr\u00edguez\" width=\"1253\" height=\"2000\" loading=\"lazy\"\/><\/div><div class=\"uagb-ifb-title-wrap\"><\/div><p class=\"uagb-ifb-desc\">LOS ECOS DE LA TEMPESTAD<\/p><div class=\"uagb-ifb-button-wrapper wp-block-button\"><a href=\"https:\/\/amzn.eu\/d\/0V84Nfd\" class=\"uagb-infobox-cta-link wp-block-button__link\" target=\"_blank\" rel=\"noopener noreferrer\" onclick=\"return true;\"><span class=\"uagb-inline-editing\">Disponible en AMAZON<\/span><\/a><\/div><\/div><\/div><\/div>\n\n\n\n<div class=\"wp-block-uagb-info-box uagb-block-7d47dbaf uagb-infobox__content-wrap  uagb-infobox-icon-above-title uagb-infobox-image-valign-top wp-block-uagb-info-box--has-margin\"><div class=\"uagb-infobox-margin-wrapper\"><div class=\"uagb-ifb-content\"><div class=\"uagb-ifb-image-content\"><img decoding=\"async\" src=\"https:\/\/adolforodriguezgomez.com\/wp-content\/uploads\/2025\/10\/nemesis-adolfo-rodriguez-gomez.jpg\" alt=\"\" width=\"940\" height=\"1500\" loading=\"lazy\"\/><\/div><div class=\"uagb-ifb-title-wrap\"><\/div><p class=\"uagb-ifb-desc\">N\u00c9MESIS<\/p><div class=\"uagb-ifb-button-wrapper wp-block-button\"><a href=\"https:\/\/amzn.eu\/d\/2i9ZbOs\" class=\"uagb-infobox-cta-link wp-block-button__link\" target=\"_blank\" rel=\"noopener noreferrer\" onclick=\"return true;\"><span class=\"uagb-inline-editing\">Disponible EN AMAZON<\/span><\/a><\/div><\/div><\/div><\/div>\n\n\n\n<div class=\"wp-block-uagb-info-box uagb-block-8aa24860 uagb-infobox__content-wrap  uagb-infobox-icon-above-title uagb-infobox-image-valign-top wp-block-uagb-info-box--has-margin\"><div class=\"uagb-infobox-margin-wrapper\"><div class=\"uagb-ifb-content\"><div class=\"uagb-ifb-image-content\"><img decoding=\"async\" src=\"https:\/\/adolforodriguezgomez.com\/wp-content\/uploads\/2026\/01\/portada_el_secreto_del_lago_adolfo_rodriguez_gomez_.jpg\" alt=\"\" width=\"940\" height=\"1500\" loading=\"lazy\"\/><\/div><div class=\"uagb-ifb-title-wrap\"><\/div><p class=\"uagb-ifb-desc\">EL SECRETO DEL LAGO<\/p><div class=\"uagb-ifb-button-wrapper wp-block-button\"><a href=\"https:\/\/amzn.eu\/d\/2ciFluk\" class=\"uagb-infobox-cta-link wp-block-button__link\" target=\"_blank\" rel=\"noopener noreferrer\" onclick=\"return true;\"><span class=\"uagb-inline-editing\">Disponible EN AMAZON<\/span><\/a><\/div><\/div><\/div><\/div>\n<\/div>\n\n\n\n<div class=\"wp-block-uagb-container uagb-block-6a7ce069\">\n<div class=\"wp-block-uagb-info-box uagb-block-151bd219 uagb-infobox__content-wrap  uagb-infobox-icon-above-title uagb-infobox-image-valign-top wp-block-uagb-info-box--has-margin\"><div class=\"uagb-infobox-margin-wrapper\"><div class=\"uagb-ifb-content\"><div class=\"uagb-ifb-image-content\"><img decoding=\"async\" src=\"https:\/\/adolforodriguezgomez.com\/wp-content\/uploads\/2025\/09\/portada-la-noche-de-la-tormenta-finalista-premio-literario-amazon.jpg\" alt=\"Portada de la noche de la tormenta\" width=\"1002\" height=\"1600\" loading=\"lazy\"\/><\/div><div class=\"uagb-ifb-title-wrap\"><\/div><p class=\"uagb-ifb-desc\">LA NOCHE DE LA TORMENTA<\/p><div class=\"uagb-ifb-button-wrapper wp-block-button\"><a href=\"https:\/\/amzn.eu\/d\/1wnbNHk\" class=\"uagb-infobox-cta-link wp-block-button__link\" target=\"_blank\" rel=\"noopener noreferrer\" onclick=\"return true;\"><span class=\"uagb-inline-editing\">Disponible en AMAZON<\/span><\/a><\/div><\/div><\/div><\/div>\n\n\n\n<div class=\"wp-block-uagb-info-box uagb-block-7699a37b uagb-infobox__content-wrap  uagb-infobox-icon-above-title uagb-infobox-image-valign-top wp-block-uagb-info-box--has-margin\"><div class=\"uagb-infobox-margin-wrapper\"><div class=\"uagb-ifb-content\"><div class=\"uagb-ifb-image-content\"><img decoding=\"async\" src=\"https:\/\/adolforodriguezgomez.com\/wp-content\/uploads\/2025\/05\/PORTADA_LIBRO_LA_NOCHE_DE_LOS_SECRETOS_ADOLFO_RODRIGUEZ-scaled.jpg\" alt=\"Portada del libro La Noche de los Secretos de Adolfo Rodr\u00edguez\" width=\"1600\" height=\"2555\" loading=\"lazy\"\/><\/div><div class=\"uagb-ifb-title-wrap\"><\/div><p class=\"uagb-ifb-desc\">LA NOCHE DE LOS SECRETOS<\/p><div class=\"uagb-ifb-button-wrapper wp-block-button\"><a href=\"https:\/\/amzn.eu\/d\/9kaVXwi\" class=\"uagb-infobox-cta-link wp-block-button__link\" target=\"_blank\" rel=\"noopener noreferrer\" onclick=\"return true;\"><span class=\"uagb-inline-editing\">Disponible EN AMAZON<\/span><\/a><\/div><\/div><\/div><\/div>\n\n\n\n<div class=\"wp-block-uagb-info-box uagb-block-775624ce uagb-infobox__content-wrap  uagb-infobox-icon-above-title uagb-infobox-image-valign-top wp-block-uagb-info-box--has-margin\"><div class=\"uagb-infobox-margin-wrapper\"><div class=\"uagb-ifb-content\"><div class=\"uagb-ifb-image-content\"><img decoding=\"async\" src=\"https:\/\/adolforodriguezgomez.com\/wp-content\/uploads\/2025\/01\/La_noche_de_san_juan-scaled.jpg\" alt=\"Portada del libro La Noche de San Juan de Adolfo Rodr\u00edguez\" width=\"1600\" height=\"2554\" loading=\"lazy\"\/><\/div><div class=\"uagb-ifb-title-wrap\"><\/div><p class=\"uagb-ifb-desc\">LA NOCHE DE SAN JUAN<\/p><div class=\"uagb-ifb-button-wrapper wp-block-button\"><a href=\"https:\/\/amzn.eu\/d\/izPmg2o\" class=\"uagb-infobox-cta-link wp-block-button__link\" target=\"_blank\" rel=\"noopener noreferrer\" onclick=\"return true;\"><span class=\"uagb-inline-editing\">Disponible EN AMAZON<\/span><\/a><\/div><\/div><\/div><\/div>\n<\/div>\n\n\n\n<div class=\"wp-block-uagb-container uagb-block-86d49ad8\">\n<div class=\"wp-block-uagb-info-box uagb-block-e921491a uagb-infobox__content-wrap  uagb-infobox-icon-above-title uagb-infobox-image-valign-top wp-block-uagb-info-box--has-margin\"><div class=\"uagb-infobox-margin-wrapper\"><div class=\"uagb-ifb-content\"><div class=\"uagb-ifb-image-content\"><img decoding=\"async\" src=\"https:\/\/adolforodriguezgomez.com\/wp-content\/uploads\/2025\/01\/el_viaje_de_hugo.jpg\" alt=\"\" width=\"736\" height=\"1104\" loading=\"lazy\"\/><\/div><div class=\"uagb-ifb-title-wrap\"><\/div><p class=\"uagb-ifb-desc\">el viaje de hugo<\/p><div class=\"uagb-ifb-button-wrapper wp-block-button\"><a href=\"https:\/\/amzn.eu\/d\/6xkk3dK\" class=\"uagb-infobox-cta-link wp-block-button__link\" target=\"_blank\" rel=\"noopener noreferrer\" onclick=\"return true;\"><span class=\"uagb-inline-editing\">Disponible en AMAZON<\/span><\/a><\/div><\/div><\/div><\/div>\n\n\n\n<div class=\"wp-block-uagb-info-box uagb-block-34e196b2 uagb-infobox__content-wrap  uagb-infobox-icon-above-title uagb-infobox-image-valign-top wp-block-uagb-info-box--has-margin\"><div class=\"uagb-infobox-margin-wrapper\"><div class=\"uagb-ifb-content\"><div class=\"uagb-ifb-image-content\"><img decoding=\"async\" src=\"https:\/\/adolforodriguezgomez.com\/wp-content\/uploads\/2025\/01\/enganando_a_la_muerte.jpg\" alt=\"\" width=\"736\" height=\"1104\" loading=\"lazy\"\/><\/div><div class=\"uagb-ifb-title-wrap\"><\/div><p class=\"uagb-ifb-desc\">enga\u00f1ando a la muerte<\/p><div class=\"uagb-ifb-button-wrapper wp-block-button\"><a href=\"https:\/\/amzn.eu\/d\/5EUY3Fr\" class=\"uagb-infobox-cta-link wp-block-button__link\" target=\"_blank\" rel=\"noopener noreferrer\" onclick=\"return true;\"><span class=\"uagb-inline-editing\">Disponible EN AMAZON<\/span><\/a><\/div><\/div><\/div><\/div>\n\n\n\n<div class=\"wp-block-uagb-info-box uagb-block-8e10a8d9 uagb-infobox__content-wrap  uagb-infobox-icon-above-title uagb-infobox-image-valign-top wp-block-uagb-info-box--has-margin\"><div class=\"uagb-infobox-margin-wrapper\"><div class=\"uagb-ifb-content\"><div class=\"uagb-ifb-image-content\"><img decoding=\"async\" src=\"https:\/\/adolforodriguezgomez.com\/wp-content\/uploads\/2025\/01\/la_gran_implosion.jpg\" alt=\"\" width=\"736\" height=\"1104\" loading=\"lazy\"\/><\/div><div class=\"uagb-ifb-title-wrap\"><\/div><p class=\"uagb-ifb-desc\">la gran implosi\u00f3n<\/p><div class=\"uagb-ifb-button-wrapper wp-block-button\"><a href=\"https:\/\/amzn.eu\/d\/hOOl0nj\" class=\"uagb-infobox-cta-link wp-block-button__link\" target=\"_blank\" rel=\"noopener noreferrer\" onclick=\"return true;\"><span class=\"uagb-inline-editing\">Disponible EN AMAZON<\/span><\/a><\/div><\/div><\/div><\/div>\n<\/div>\n<\/div>\n","protected":false},"excerpt":{"rendered":"","protected":false},"author":1,"featured_media":0,"parent":0,"menu_order":0,"comment_status":"closed","ping_status":"closed","template":"","meta":{"_uag_custom_page_level_css":"","site-sidebar-layout":"no-sidebar","site-content-layout":"page-builder","ast-site-content-layout":"full-width-container","site-content-style":"unboxed","site-sidebar-style":"unboxed","ast-global-header-display":"","ast-banner-title-visibility":"","ast-main-header-display":"","ast-hfb-above-header-display":"","ast-hfb-below-header-display":"","ast-hfb-mobile-header-display":"","site-post-title":"disabled","ast-breadcrumbs-content":"","ast-featured-img":"disabled","footer-sml-layout":"","ast-disable-related-posts":"","theme-transparent-header-meta":"enabled","adv-header-id-meta":"","stick-header-meta":"","header-above-stick-meta":"","header-main-stick-meta":"","header-below-stick-meta":"","astra-migrate-meta-layouts":"set","ast-page-background-enabled":"default","ast-page-background-meta":{"desktop":{"background-color":"","background-image":"","background-repeat":"repeat","background-position":"center center","background-size":"auto","background-attachment":"scroll","background-type":"","background-media":"","overlay-type":"","overlay-color":"","overlay-opacity":"","overlay-gradient":""},"tablet":{"background-color":"","background-image":"","background-repeat":"repeat","background-position":"center center","background-size":"auto","background-attachment":"scroll","background-type":"","background-media":"","overlay-type":"","overlay-color":"","overlay-opacity":"","overlay-gradient":""},"mobile":{"background-color":"","background-image":"","background-repeat":"repeat","background-position":"center center","background-size":"auto","background-attachment":"scroll","background-type":"","background-media":"","overlay-type":"","overlay-color":"","overlay-opacity":"","overlay-gradient":""}},"ast-content-background-meta":{"desktop":{"background-color":"var(--ast-global-color-5)","background-image":"","background-repeat":"repeat","background-position":"center center","background-size":"auto","background-attachment":"scroll","background-type":"","background-media":"","overlay-type":"","overlay-color":"","overlay-opacity":"","overlay-gradient":""},"tablet":{"background-color":"var(--ast-global-color-5)","background-image":"","background-repeat":"repeat","background-position":"center center","background-size":"auto","background-attachment":"scroll","background-type":"","background-media":"","overlay-type":"","overlay-color":"","overlay-opacity":"","overlay-gradient":""},"mobile":{"background-color":"var(--ast-global-color-5)","background-image":"","background-repeat":"repeat","background-position":"center center","background-size":"auto","background-attachment":"scroll","background-type":"","background-media":"","overlay-type":"","overlay-color":"","overlay-opacity":"","overlay-gradient":""}},"footnotes":""},"class_list":["post-2324","page","type-page","status-publish","hentry"],"uagb_featured_image_src":{"full":false,"thumbnail":false,"medium":false,"medium_large":false,"large":false,"1536x1536":false,"2048x2048":false},"uagb_author_info":{"display_name":"fernando.reyes.rod@gmail.com","author_link":"https:\/\/adolforodriguezgomez.com\/de\/author\/fernando-reyes-rodgmail-com\/"},"uagb_comment_info":0,"uagb_excerpt":null,"_links":{"self":[{"href":"https:\/\/adolforodriguezgomez.com\/de\/wp-json\/wp\/v2\/pages\/2324","targetHints":{"allow":["GET"]}}],"collection":[{"href":"https:\/\/adolforodriguezgomez.com\/de\/wp-json\/wp\/v2\/pages"}],"about":[{"href":"https:\/\/adolforodriguezgomez.com\/de\/wp-json\/wp\/v2\/types\/page"}],"author":[{"embeddable":true,"href":"https:\/\/adolforodriguezgomez.com\/de\/wp-json\/wp\/v2\/users\/1"}],"replies":[{"embeddable":true,"href":"https:\/\/adolforodriguezgomez.com\/de\/wp-json\/wp\/v2\/comments?post=2324"}],"version-history":[{"count":32,"href":"https:\/\/adolforodriguezgomez.com\/de\/wp-json\/wp\/v2\/pages\/2324\/revisions"}],"predecessor-version":[{"id":2543,"href":"https:\/\/adolforodriguezgomez.com\/de\/wp-json\/wp\/v2\/pages\/2324\/revisions\/2543"}],"wp:attachment":[{"href":"https:\/\/adolforodriguezgomez.com\/de\/wp-json\/wp\/v2\/media?parent=2324"}],"curies":[{"name":"wp","href":"https:\/\/api.w.org\/{rel}","templated":true}]}}