{"id":2323,"date":"2025-01-23T14:16:57","date_gmt":"2025-01-23T14:16:57","guid":{"rendered":"https:\/\/adolforodriguezgomez.com\/home\/"},"modified":"2025-04-23T13:00:42","modified_gmt":"2025-04-23T13:00:42","slug":"home","status":"publish","type":"page","link":"https:\/\/adolforodriguezgomez.com\/fr\/","title":{"rendered":"Home"},"content":{"rendered":"\n<div class=\"wp-block-uagb-container uagb-block-abc2ec26 alignfull uagb-is-root-container\">\n<div class=\"wp-block-uagb-info-box uagb-block-08c0e953 uagb-infobox__content-wrap  uagb-infobox-icon-above-title uagb-infobox-image-valign-top\"><div class=\"uagb-ifb-content\"><div class=\"uagb-ifb-title-wrap\"><h1 class=\"uagb-ifb-title\">AdOLFO RODR\u00cdGUEZ<\/h1><\/div><div class=\"uagb-ifb-button-wrapper wp-block-button\"><a href=\"#text-1\" class=\"uagb-infobox-cta-link wp-block-button__link\" target=\"_self\" rel=\"noopener noreferrer\" onclick=\"return true;\"><span class=\"uagb-inline-editing\">Abonnez-vous<\/span><\/a><\/div><\/div><\/div>\n<\/div>\n\n\n\n<div class=\"wp-block-uagb-container uagb-layout-grid uagb-block-b5e7e8ee alignfull uagb-is-root-container\"><div class=\"uagb-container-inner-blocks-wrap\">\n<div class=\"wp-block-uagb-info-box uagb-block-0fc90987 uagb-infobox__content-wrap  uagb-infobox-icon-above-title uagb-infobox-image-valign-top wp-block-uagb-info-box--has-margin\"><div class=\"uagb-infobox-margin-wrapper\"><div class=\"uagb-ifb-content\"><div class=\"uagb-ifb-title-wrap\"><h5 class=\"uagb-ifb-title-prefix\">biograf\u00eda <\/h5><h2 class=\"uagb-ifb-title\">Auteur de thrillers psychologiques, de myst\u00e8re<br>et de suspense<\/h2><\/div><\/div><\/div><\/div>\n\n\n\n<div class=\"wp-block-uagb-info-box uagb-block-1f18b2e0 uagb-infobox__content-wrap  uagb-infobox-icon-above-title uagb-infobox-image-valign-top\"><div class=\"uagb-ifb-content\"><div class=\"uagb-ifb-title-wrap\"><p class=\"uagb-ifb-title\"><strong>Adolfo Rodr\u00edguez<\/strong> a commenc\u00e9 \u00e0 \u00e9crire en 2015. Il combine la litt\u00e9rature avec son travail d\u2019infirmier dans le service des Grands Br\u00fbl\u00e9s et de Chirurgie Plastique de l\u2019H\u00f4pital G\u00e9n\u00e9ral d\u2019Alicante. Il est \u00e9galement kin\u00e9sith\u00e9rapeute depuis 2008.<br><br>Il est n\u00e9 \u00e0 Jerez de la Frontera, mais vit \u00e0 Alicante depuis son plus jeune \u00e2ge. C\u2019est au lyc\u00e9e qu\u2019il d\u00e9couvre sa passion pour l\u2019\u00e9criture de r\u00e9cits, et quelques ann\u00e9es plus tard, il r\u00e9alise son r\u00eave en publiant son premier roman : <em>El viaje de Hugo<\/em> (2015), qui atteint la premi\u00e8re place des ventes dans sa cat\u00e9gorie sur Amazon Espagne. Un an plus tard, il publie <em>Enga\u00f1ando a la muerte<\/em> (2016).<br><br>En 2021, il publie <em>La Gran Implosi\u00f3n<\/em>, qui reste num\u00e9ro 1 des ventes pendant plusieurs semaines.<br><br>Ses romans se caract\u00e9risent par une atmosph\u00e8re de myst\u00e8re et d\u2019intrigue, avec un excellent usage du suspense. Son style est fluide et direct, sans pr\u00e9tention.<br><br>En 2025, il lance la saga de l\u2019inspecteur Somoza, une s\u00e9rie de plusieurs romans du genre thriller psychologique.<br><br>Le premier de ces livres est <em>La Noche de San Juan<\/em>, publi\u00e9 en janvier 2025.<br><br>Il aime lire des romans \u00e0 suspense. Ses plus grandes influences sont : Freida McFadden, Shari Lapena, Lisa Jewell, Claire Douglas, Javier Castillo et Agatha Christie, entre autres.<\/p><\/div><\/div><\/div>\n<\/div><\/div>\n\n\n\n<div class=\"wp-block-uagb-container uag-hide-desktop uag-hide-tab uag-hide-mob uagb-layout-grid uagb-block-05c5b147 alignfull uagb-is-root-container\"><div class=\"uagb-container-inner-blocks-wrap\">\n<div class=\"wp-block-uagb-info-box uagb-block-cae2acda uagb-infobox__content-wrap  uagb-infobox-icon-above-title uagb-infobox-image-valign-top wp-block-uagb-info-box--has-margin\"><div class=\"uagb-infobox-margin-wrapper\"><div class=\"uagb-ifb-content\"><div class=\"uagb-ifb-title-wrap\"><h2 class=\"uagb-ifb-title-prefix\">1990<\/h2><h5 class=\"uagb-ifb-title\">Vestibulum vitae mattis turpis fusce aliquam eu aliquam<\/h5><\/div><p class=\"uagb-ifb-desc\">Non ut consequat hendrerit neque at<\/p><\/div><\/div><\/div>\n\n\n\n<div class=\"wp-block-uagb-info-box uagb-block-8b27ce14 uagb-infobox__content-wrap  uagb-infobox-icon-above-title uagb-infobox-image-valign-top wp-block-uagb-info-box--has-margin\"><div class=\"uagb-infobox-margin-wrapper\"><div class=\"uagb-ifb-content\"><div class=\"uagb-ifb-title-wrap\"><h2 class=\"uagb-ifb-title-prefix\">1992<\/h2><h5 class=\"uagb-ifb-title\">Praesent et lectus eleifend feugiat placerat<\/h5><\/div><p class=\"uagb-ifb-desc\">Non ut consequat hendrerit neque at<\/p><\/div><\/div><\/div>\n\n\n\n<div class=\"wp-block-uagb-info-box uagb-block-646177db uagb-infobox__content-wrap  uagb-infobox-icon-above-title uagb-infobox-image-valign-top wp-block-uagb-info-box--has-margin\"><div class=\"uagb-infobox-margin-wrapper\"><div class=\"uagb-ifb-content\"><div class=\"uagb-ifb-title-wrap\"><h2 class=\"uagb-ifb-title-prefix\">1997<\/h2><h5 class=\"uagb-ifb-title\">Suspendisse rutrum consequat imperdiet tellus sed<\/h5><\/div><p class=\"uagb-ifb-desc\">Non ut consequat hendrerit neque at<\/p><\/div><\/div><\/div>\n\n\n\n<div class=\"wp-block-uagb-info-box uagb-block-0e614d4c uagb-infobox__content-wrap  uagb-infobox-icon-above-title uagb-infobox-image-valign-top wp-block-uagb-info-box--has-margin\"><div class=\"uagb-infobox-margin-wrapper\"><div class=\"uagb-ifb-content\"><div class=\"uagb-ifb-title-wrap\"><h2 class=\"uagb-ifb-title-prefix\">2000<\/h2><h5 class=\"uagb-ifb-title\">Imperdiet egestas justo nunc, nunc sed consequat<\/h5><\/div><p class=\"uagb-ifb-desc\">Non ut consequat hendrerit neque at<\/p><\/div><\/div><\/div>\n\n\n\n<div class=\"wp-block-uagb-info-box uagb-block-7d81294e uagb-infobox__content-wrap  uagb-infobox-icon-above-title uagb-infobox-image-valign-top wp-block-uagb-info-box--has-margin\"><div class=\"uagb-infobox-margin-wrapper\"><div class=\"uagb-ifb-content\"><div class=\"uagb-ifb-title-wrap\"><h2 class=\"uagb-ifb-title-prefix\">2005<\/h2><h5 class=\"uagb-ifb-title\">Viverra luctus in habitant arcu placerat consectetur<\/h5><\/div><p class=\"uagb-ifb-desc\">Non ut consequat hendrerit neque at<\/p><\/div><\/div><\/div>\n\n\n\n<div class=\"wp-block-uagb-info-box uagb-block-42b6c307 uagb-infobox__content-wrap  uagb-infobox-icon-above-title uagb-infobox-image-valign-top wp-block-uagb-info-box--has-margin\"><div class=\"uagb-infobox-margin-wrapper\"><div class=\"uagb-ifb-content\"><div class=\"uagb-ifb-title-wrap\"><h2 class=\"uagb-ifb-title-prefix\">2012<\/h2><h5 class=\"uagb-ifb-title\">Velit lacus porttitor urna vitae<\/h5><\/div><p class=\"uagb-ifb-desc\">Non ut consequat hendrerit neque at<\/p><\/div><\/div><\/div>\n<\/div><\/div>\n\n\n\n<div class=\"wp-block-uagb-container uagb-block-efcdf3b9 alignfull uagb-is-root-container\"><div class=\"uagb-container-inner-blocks-wrap\">\n<div class=\"wp-block-uagb-info-box uagb-block-77136102 uagb-infobox__content-wrap  uagb-infobox-icon-above-title uagb-infobox-image-valign-top wp-block-uagb-info-box--has-margin\"><div class=\"uagb-infobox-margin-wrapper\"><div class=\"uagb-ifb-content\"><div class=\"uagb-ifb-title-wrap\"><h5 class=\"uagb-ifb-title-prefix\">Bibliographie<\/h5><\/div><\/div><\/div><\/div>\n\n\n\n<div class=\"wp-block-uagb-container uagb-block-9eadf28c\">\n<div class=\"wp-block-uagb-info-box uagb-block-c43d9fa1 uagb-infobox__content-wrap  uagb-infobox-icon-above-title uagb-infobox-image-valign-top wp-block-uagb-info-box--has-margin\"><div class=\"uagb-infobox-margin-wrapper\"><div class=\"uagb-ifb-content\"><div class=\"uagb-ifb-image-content\"><img decoding=\"async\" src=\"https:\/\/adolforodriguezgomez.com\/wp-content\/uploads\/2025\/01\/La_noche_de_san_juan-scaled.jpg\" alt=\"\" width=\"50\" height=\"79\" loading=\"lazy\"\/><\/div><div class=\"uagb-ifb-title-wrap\"><span class=\"uagb-ifb-title-prefix\">Nouvelle parution 2025<\/span><\/div><p class=\"uagb-ifb-desc\">la noche de san juan<\/p><div class=\"uagb-ifb-button-wrapper wp-block-button\"><a href=\"https:\/\/amzn.eu\/d\/9u32pIe\" class=\"uagb-infobox-cta-link wp-block-button__link\" target=\"_blank\" rel=\"noopener noreferrer\" onclick=\"return true;\"><span class=\"uagb-inline-editing\">Disponible sur Amazon<\/span><\/a><\/div><\/div><\/div><\/div>\n<\/div>\n\n\n\n<div class=\"wp-block-uagb-container uagb-block-19234997\">\n<div class=\"wp-block-uagb-info-box uagb-block-0bc19444 uagb-infobox__content-wrap  uagb-infobox-icon-above-title uagb-infobox-image-valign-top wp-block-uagb-info-box--has-margin\"><div class=\"uagb-infobox-margin-wrapper\"><div class=\"uagb-ifb-content\"><div class=\"uagb-ifb-image-content\"><img decoding=\"async\" src=\"https:\/\/adolforodriguezgomez.com\/wp-content\/uploads\/2025\/01\/el_viaje_de_hugo.jpg\" alt=\"\" width=\"736\" height=\"1104\" loading=\"lazy\"\/><\/div><div class=\"uagb-ifb-title-wrap\"><\/div><p class=\"uagb-ifb-desc\">el viaje de hugo<\/p><div class=\"uagb-ifb-button-wrapper wp-block-button\"><a href=\"https:\/\/amzn.eu\/d\/6xkk3dK\" class=\"uagb-infobox-cta-link wp-block-button__link\" target=\"_blank\" rel=\"noopener noreferrer\" onclick=\"return true;\"><span class=\"uagb-inline-editing\">Disponible sur Amazon<\/span><\/a><\/div><\/div><\/div><\/div>\n\n\n\n<div class=\"wp-block-uagb-info-box uagb-block-aa5fb46c uagb-infobox__content-wrap  uagb-infobox-icon-above-title uagb-infobox-image-valign-top wp-block-uagb-info-box--has-margin\"><div class=\"uagb-infobox-margin-wrapper\"><div class=\"uagb-ifb-content\"><div class=\"uagb-ifb-image-content\"><img decoding=\"async\" src=\"https:\/\/adolforodriguezgomez.com\/wp-content\/uploads\/2025\/01\/enganando_a_la_muerte.jpg\" alt=\"\" width=\"736\" height=\"1104\" loading=\"lazy\"\/><\/div><div class=\"uagb-ifb-title-wrap\"><\/div><p class=\"uagb-ifb-desc\">enga\u00f1ando a la muerte<\/p><div class=\"uagb-ifb-button-wrapper wp-block-button\"><a href=\"https:\/\/amzn.eu\/d\/5EUY3Fr\" class=\"uagb-infobox-cta-link wp-block-button__link\" target=\"_blank\" rel=\"noopener noreferrer\" onclick=\"return true;\"><span class=\"uagb-inline-editing\">Disponible sur Amazon<\/span><\/a><\/div><\/div><\/div><\/div>\n\n\n\n<div class=\"wp-block-uagb-info-box uagb-block-f73f4328 uagb-infobox__content-wrap  uagb-infobox-icon-above-title uagb-infobox-image-valign-top wp-block-uagb-info-box--has-margin\"><div class=\"uagb-infobox-margin-wrapper\"><div class=\"uagb-ifb-content\"><div class=\"uagb-ifb-image-content\"><img decoding=\"async\" src=\"https:\/\/adolforodriguezgomez.com\/wp-content\/uploads\/2025\/01\/la_gran_implosion.jpg\" alt=\"\" width=\"736\" height=\"1104\" loading=\"lazy\"\/><\/div><div class=\"uagb-ifb-title-wrap\"><\/div><p class=\"uagb-ifb-desc\">la gran implosi\u00f3n<\/p><div class=\"uagb-ifb-button-wrapper wp-block-button\"><a href=\"https:\/\/amzn.eu\/d\/hOOl0nj\" class=\"uagb-infobox-cta-link wp-block-button__link\" target=\"_blank\" rel=\"noopener noreferrer\" onclick=\"return true;\"><span class=\"uagb-inline-editing\">Disponible sur Amazon<\/span><\/a><\/div><\/div><\/div><\/div>\n<\/div>\n<\/div><\/div>\n\n\n\n<div class=\"wp-block-uagb-container uag-hide-desktop uag-hide-tab uag-hide-mob uagb-layout-grid uagb-block-355c401a alignfull uagb-is-root-container\"><div class=\"uagb-container-inner-blocks-wrap\">\n<div class=\"wp-block-uagb-advanced-heading uagb-block-a9c66ba6\"><h5 class=\"uagb-heading-text\">TOURS<\/h5><\/div>\n\n\n\n<div class=\"wp-block-uagb-container uagb-layout-flex uagb-block-d477b15d\">\n<div class=\"wp-block-uagb-advanced-heading uagb-block-a10546e1\"><h2 class=\"uagb-heading-text\">William Gillbert has perform at the world\u2019s leading theatre<\/h2><\/div>\n\n\n\n<div class=\"wp-block-uagb-container uagb-layout-flex uagb-block-5d72230c\">\n<div class=\"wp-block-uagb-container uagb-layout-grid uagb-block-6778c349\">\n<div class=\"wp-block-uagb-advanced-heading uagb-block-f7a87653\"><h3 class=\"uagb-heading-text\">1992\u200b<\/h3><\/div>\n\n\n\n<div class=\"wp-block-uagb-advanced-heading uagb-block-e5432ad1\"><h3 class=\"uagb-heading-text\">Elit pharetra dignissim\u200b<\/h3><p class=\"uagb-desc-text\">Dignissim egestas congue dolor netus nec eu, ut quis aliquam phasellus eu lectus arcu eget tellus commodo eleifend augue mattis sed.<\/p><\/div>\n<\/div>\n\n\n\n<div class=\"wp-block-uagb-container uagb-layout-grid uagb-block-cb1c9cb1\">\n<div class=\"wp-block-uagb-advanced-heading uagb-block-e368bbc5\"><h3 class=\"uagb-heading-text\">1997\u200b<\/h3><\/div>\n\n\n\n<div class=\"wp-block-uagb-advanced-heading uagb-block-73a463e8\"><h3 class=\"uagb-heading-text\">Aliquam sapien sit volutpat\u200b<\/h3><p class=\"uagb-desc-text\">Dignissim egestas congue dolor netus nec eu, ut quis aliquam phasellus eu lectus arcu eget tellus commodo eleifend augue mattis sed.<\/p><\/div>\n<\/div>\n\n\n\n<div class=\"wp-block-uagb-container uagb-layout-grid uagb-block-618fcf1a\">\n<div class=\"wp-block-uagb-advanced-heading uagb-block-cf88cc53\"><h3 class=\"uagb-heading-text\">2000\u200b<\/h3><\/div>\n\n\n\n<div class=\"wp-block-uagb-advanced-heading uagb-block-9a2be461\"><h3 class=\"uagb-heading-text\">Le nunc neque\u200b<\/h3><p class=\"uagb-desc-text\">Dignissim egestas congue dolor netus nec eu, ut quis aliquam phasellus eu lectus arcu eget tellus commodo eleifend augue mattis sed.<\/p><\/div>\n<\/div>\n\n\n\n<div class=\"wp-block-uagb-container uagb-layout-grid uagb-block-845d3057\">\n<div class=\"wp-block-uagb-advanced-heading uagb-block-a92ada45\"><h3 class=\"uagb-heading-text\">2003\u200b<\/h3><\/div>\n\n\n\n<div class=\"wp-block-uagb-advanced-heading uagb-block-120e00a3\"><h3 class=\"uagb-heading-text\">Facilisi egestas urna\u200b<\/h3><p class=\"uagb-desc-text\">Dignissim egestas congue dolor netus nec eu, ut quis aliquam phasellus eu lectus arcu eget tellus commodo eleifend augue mattis sed.<\/p><\/div>\n<\/div>\n\n\n\n<div class=\"wp-block-uagb-container uagb-layout-grid uagb-block-05ec2050\">\n<div class=\"wp-block-uagb-advanced-heading uagb-block-b6fe4c45\"><h3 class=\"uagb-heading-text\">2011<\/h3><\/div>\n\n\n\n<div class=\"wp-block-uagb-advanced-heading uagb-block-8753c02b\"><h3 class=\"uagb-heading-text\">Scelerisque arcu diam faucibus\u200b<\/h3><p class=\"uagb-desc-text\">Dignissim egestas congue dolor netus nec eu, ut quis aliquam phasellus eu lectus arcu eget tellus commodo eleifend augue mattis sed.<\/p><\/div>\n<\/div>\n<\/div>\n<\/div>\n<\/div><\/div>\n\n\n\n<div class=\"wp-block-uagb-container uag-hide-desktop uag-hide-tab uag-hide-mob uagb-block-79c711fc alignfull uagb-is-root-container\"><div class=\"uagb-container-inner-blocks-wrap\">\n<div class=\"wp-block-uagb-image alignleft uagb-block-0ddc1935 wp-block-uagb-image--layout-default wp-block-uagb-image--effect-static wp-block-uagb-image--align-left\"><figure class=\"wp-block-uagb-image__figure\"><img decoding=\"async\" srcset=\"https:\/\/adolforodriguezgomez-com.preview-domain.com\/wp-content\/uploads\/2021\/03\/theatre-artist-template-upcoming-event-img.jpg ,https:\/\/adolforodriguezgomez-com.preview-domain.com\/wp-content\/uploads\/2021\/03\/theatre-artist-template-upcoming-event-img.jpg 780w, https:\/\/adolforodriguezgomez-com.preview-domain.com\/wp-content\/uploads\/2021\/03\/theatre-artist-template-upcoming-event-img.jpg 360w\" sizes=\"auto, (max-width: 480px) 150px\" src=\"https:\/\/adolforodriguezgomez-com.preview-domain.com\/wp-content\/uploads\/2021\/03\/theatre-artist-template-upcoming-event-img.jpg\" alt=\"\" class=\"uag-image-23\" width=\"504\" height=\"336\" title=\"\" loading=\"lazy\" role=\"img\"\/><\/figure><\/div>\n\n\n\n<div class=\"wp-block-uagb-container uagb-block-d9e4fa6f\">\n<div class=\"wp-block-uagb-info-box uagb-block-7edff046 uagb-infobox__content-wrap  uagb-infobox-icon-above-title uagb-infobox-image-valign-top\"><div class=\"uagb-ifb-content\"><div class=\"uagb-ifb-title-wrap\"><h5 class=\"uagb-ifb-title-prefix\">Upcoming Show<\/h5><h2 class=\"uagb-ifb-title\">Risus etiam dui\u200b<\/h2><\/div><\/div><\/div>\n\n\n\n<div class=\"wp-block-uagb-container uagb-layout-grid uagb-block-ea19b4cd\">\n<div class=\"wp-block-uagb-advanced-heading uagb-block-1e4b7ab6\"><p class=\"uagb-heading-text\">Ultricies nibh morbi amet fames in enim turpis aenean neque commodo nisi, tristique et nulla tellus.<\/p><\/div>\n\n\n\n<div class=\"wp-block-uagb-info-box uagb-block-90c82ac5 uagb-infobox__content-wrap  uagb-infobox-icon-above-title uagb-infobox-image-valign-top wp-block-uagb-info-box--has-margin\"><div class=\"uagb-infobox-margin-wrapper\"><div class=\"uagb-ifb-content\"><div class=\"uagb-ifb-title-wrap\"><h4 class=\"uagb-ifb-title-prefix\">06 \/ 14<\/h4><h2 class=\"uagb-ifb-title\">2021<\/h2><\/div><\/div><\/div><\/div>\n<\/div>\n\n\n\n<div class=\"wp-block-uagb-buttons uagb-buttons__outer-wrap uagb-btn__default-btn uagb-btn-tablet__default-btn uagb-btn-mobile__default-btn uagb-block-1e94e731\"><div class=\"uagb-buttons__wrap uagb-buttons-layout-wrap \">\n<div class=\"wp-block-uagb-buttons-child uagb-buttons__outer-wrap uagb-block-6273f544 wp-block-button\"><div class=\"uagb-button__wrapper\"><a class=\"uagb-buttons-repeater wp-block-button__link\" aria-label=\"\" href=\"#\" rel=\"follow noopener\" target=\"_self\" role=\"button\"><div class=\"uagb-button__link\">buy tickets<\/div><span class=\"uagb-button__icon uagb-button__icon-position-after\"><svg xmlns=\"https:\/\/www.w3.org\/2000\/svg\" viewBox=\"0 0 448 512\" aria-hidden=\"true\" focussable=\"false\"><path d=\"M438.6 278.6l-160 160C272.4 444.9 264.2 448 256 448s-16.38-3.125-22.62-9.375c-12.5-12.5-12.5-32.75 0-45.25L338.8 288H32C14.33 288 .0016 273.7 .0016 256S14.33 224 32 224h306.8l-105.4-105.4c-12.5-12.5-12.5-32.75 0-45.25s32.75-12.5 45.25 0l160 160C451.1 245.9 451.1 266.1 438.6 278.6z\"><\/path><\/svg><\/span><\/a><\/div><\/div>\n<\/div><\/div>\n<\/div>\n<\/div><\/div>\n","protected":false},"excerpt":{"rendered":"<p>TOURS William Gillbert has perform at the world\u2019s leading theatre 1992\u200b Elit pharetra dignissim\u200b Dignissim egestas congue dolor netus nec eu, ut quis aliquam phasellus eu lectus arcu eget tellus commodo eleifend augue mattis sed. 1997\u200b Aliquam sapien sit volutpat\u200b Dignissim egestas congue dolor netus nec eu, ut quis aliquam phasellus eu lectus arcu eget [&hellip;]<\/p>\n","protected":false},"author":1,"featured_media":0,"parent":0,"menu_order":0,"comment_status":"closed","ping_status":"closed","template":"","meta":{"_uag_custom_page_level_css":"","site-sidebar-layout":"no-sidebar","site-content-layout":"page-builder","ast-site-content-layout":"full-width-container","site-content-style":"unboxed","site-sidebar-style":"unboxed","ast-global-header-display":"","ast-banner-title-visibility":"","ast-main-header-display":"","ast-hfb-above-header-display":"","ast-hfb-below-header-display":"","ast-hfb-mobile-header-display":"","site-post-title":"disabled","ast-breadcrumbs-content":"","ast-featured-img":"disabled","footer-sml-layout":"","ast-disable-related-posts":"","theme-transparent-header-meta":"enabled","adv-header-id-meta":"","stick-header-meta":"","header-above-stick-meta":"","header-main-stick-meta":"","header-below-stick-meta":"","astra-migrate-meta-layouts":"set","ast-page-background-enabled":"default","ast-page-background-meta":{"desktop":{"background-color":"","background-image":"","background-repeat":"repeat","background-position":"center center","background-size":"auto","background-attachment":"scroll","background-type":"","background-media":"","overlay-type":"","overlay-color":"","overlay-opacity":"","overlay-gradient":""},"tablet":{"background-color":"","background-image":"","background-repeat":"repeat","background-position":"center center","background-size":"auto","background-attachment":"scroll","background-type":"","background-media":"","overlay-type":"","overlay-color":"","overlay-opacity":"","overlay-gradient":""},"mobile":{"background-color":"","background-image":"","background-repeat":"repeat","background-position":"center center","background-size":"auto","background-attachment":"scroll","background-type":"","background-media":"","overlay-type":"","overlay-color":"","overlay-opacity":"","overlay-gradient":""}},"ast-content-background-meta":{"desktop":{"background-color":"var(--ast-global-color-5)","background-image":"","background-repeat":"repeat","background-position":"center center","background-size":"auto","background-attachment":"scroll","background-type":"","background-media":"","overlay-type":"","overlay-color":"","overlay-opacity":"","overlay-gradient":""},"tablet":{"background-color":"var(--ast-global-color-5)","background-image":"","background-repeat":"repeat","background-position":"center center","background-size":"auto","background-attachment":"scroll","background-type":"","background-media":"","overlay-type":"","overlay-color":"","overlay-opacity":"","overlay-gradient":""},"mobile":{"background-color":"var(--ast-global-color-5)","background-image":"","background-repeat":"repeat","background-position":"center center","background-size":"auto","background-attachment":"scroll","background-type":"","background-media":"","overlay-type":"","overlay-color":"","overlay-opacity":"","overlay-gradient":""}},"footnotes":""},"class_list":["post-2323","page","type-page","status-publish","hentry"],"uagb_featured_image_src":{"full":false,"thumbnail":false,"medium":false,"medium_large":false,"large":false,"1536x1536":false,"2048x2048":false},"uagb_author_info":{"display_name":"fernando.reyes.rod@gmail.com","author_link":"https:\/\/adolforodriguezgomez.com\/fr\/author\/fernando-reyes-rodgmail-com\/"},"uagb_comment_info":0,"uagb_excerpt":"TOURS William Gillbert has perform at the world\u2019s leading theatre 1992\u200b Elit pharetra dignissim\u200b Dignissim egestas congue dolor netus nec eu, ut quis aliquam phasellus eu lectus arcu eget tellus commodo eleifend augue mattis sed. 1997\u200b Aliquam sapien sit volutpat\u200b Dignissim egestas congue dolor netus nec eu, ut quis aliquam phasellus eu lectus arcu eget\u2026","_links":{"self":[{"href":"https:\/\/adolforodriguezgomez.com\/fr\/wp-json\/wp\/v2\/pages\/2323","targetHints":{"allow":["GET"]}}],"collection":[{"href":"https:\/\/adolforodriguezgomez.com\/fr\/wp-json\/wp\/v2\/pages"}],"about":[{"href":"https:\/\/adolforodriguezgomez.com\/fr\/wp-json\/wp\/v2\/types\/page"}],"author":[{"embeddable":true,"href":"https:\/\/adolforodriguezgomez.com\/fr\/wp-json\/wp\/v2\/users\/1"}],"replies":[{"embeddable":true,"href":"https:\/\/adolforodriguezgomez.com\/fr\/wp-json\/wp\/v2\/comments?post=2323"}],"version-history":[{"count":1,"href":"https:\/\/adolforodriguezgomez.com\/fr\/wp-json\/wp\/v2\/pages\/2323\/revisions"}],"predecessor-version":[{"id":2337,"href":"https:\/\/adolforodriguezgomez.com\/fr\/wp-json\/wp\/v2\/pages\/2323\/revisions\/2337"}],"wp:attachment":[{"href":"https:\/\/adolforodriguezgomez.com\/fr\/wp-json\/wp\/v2\/media?parent=2323"}],"curies":[{"name":"wp","href":"https:\/\/api.w.org\/{rel}","templated":true}]}}